{"id":1009,"date":"2025-03-05T15:44:57","date_gmt":"2025-03-05T14:44:57","guid":{"rendered":"https:\/\/winni.be\/blog\/"},"modified":"2025-04-11T12:03:20","modified_gmt":"2025-04-11T10:03:20","slug":"blog","status":"publish","type":"page","link":"https:\/\/winni.be\/fr\/blog\/","title":{"rendered":"Blog"},"content":{"rendered":"<section class=\"l-section wpb_row height_large\"><div class=\"l-section-h i-cf\"><div class=\"g-cols vc_row via_flex valign_top type_default stacking_default\"><div class=\"vc_col-sm-12 wpb_column vc_column_container\"><div class=\"vc_column-inner\"><div class=\"wpb_wrapper\"><div class=\"w-separator size_large\"><\/div><div class=\"wpb_text_column us_custom_050624d7 has_text_color\"><div class=\"wpb_wrapper\"><h2 style=\"text-align: center;\"><span>Time to spill the tea!<\/span><\/h2>\n<\/div><\/div><div class=\"w-separator size_medium\"><\/div><div class=\"w-grid us_post_list type_grid layout_233 cols_3 preload_style_spinner with_css_animation\" id=\"us_post_list_a4d6\" style=\"--columns:3;--gap:3rem;\" data-filterable=\"true\"><style>@media (max-width:1024px){#us_post_list_a4d6{--columns:2!important}}@media (max-width:767px){#us_post_list_a4d6{--columns:1!important}}.layout_233 .w-grid-item-h{}.layout_233 .usg_post_image_1{border-radius:30px!important}.layout_233 .usg_post_title_1{color:var(--color-licht-paars-custom)!important;margin-top:40px!important;margin-bottom:20px!important}.layout_233 .usg_post_content_1{color:var(--color-licht-paars-custom)!important}.layout_233 .usg_post_taxonomy_1{margin-top:15px!important}<\/style><div class=\"w-grid-list\">\t<article class=\"w-grid-item us_animate_fade size_1x1 post-1055 blog type-blog status-publish has-post-thumbnail hentry blog-categorie-adverteren-op-zoekmachines-fr\" data-id=\"1055\" style=\"animation-delay:0s\">\r\n\t\t<div class=\"w-grid-item-h\">\r\n\t\t\t\t\t\t<div class=\"w-post-elm post_image usg_post_image_1 has_ratio\"><a href=\"https:\/\/winni.be\/fr\/blog\/sea-visible-quand-cela-compte-en-haut-de-google\/\" aria-label=\"SEA : visible quand cela compte, en haut de Google\"><img loading=\"lazy\" decoding=\"async\" width=\"1024\" height=\"863\" src=\"https:\/\/winni.be\/wp-content\/uploads\/2025\/03\/Winni_SEA_01-1024x863.jpg\" class=\"attachment-large size-large wp-post-image\" alt=\"\" \/><\/a><div style=\"padding-bottom:66.6667%\"><\/div><\/div><h4 class=\"w-post-elm post_title usg_post_title_1 has_text_color entry-title color_link_inherit\"><a href=\"https:\/\/winni.be\/fr\/blog\/sea-visible-quand-cela-compte-en-haut-de-google\/\">SEA : visible quand cela compte, en haut de Google<\/a><\/h4><div class=\"w-post-elm post_content usg_post_content_1 has_text_color\">Vous vous reconnaissez ? Il est peut-\u00eatre temps de d\u00e9couvrir le SEA \u2013 Search Engine Advertising. C\u2019est la m\u00e9thode la plus rapide pour placer votre entreprise en haut des r\u00e9sultats\u2026<\/div>\t\t<\/div>\r\n\t\t\t<\/article>\r\n\t<article class=\"w-grid-item us_animate_fade size_1x1 post-1442 blog type-blog status-publish has-post-thumbnail hentry blog-categorie-adverteren-op-zoekmachines-fr blog-categorie-social-media-fr blog-categorie-website-bouwen-fr blog-categorie-zoekmachine-optimalisatie\" data-id=\"1442\" style=\"animation-delay:0.1s\">\r\n\t\t<div class=\"w-grid-item-h\">\r\n\t\t\t\t\t\t<div class=\"w-post-elm post_image usg_post_image_1 has_ratio\"><a href=\"https:\/\/winni.be\/fr\/blog\/le-storytelling-dans-le-marketing-comment-vendre-plus-avec-des-histoires-quavec-des-chiffres\/\" aria-label=\"Le storytelling dans le marketing : comment vendre plus avec des histoires qu&rsquo;avec des chiffres\"><img loading=\"lazy\" decoding=\"async\" width=\"1024\" height=\"968\" src=\"https:\/\/winni.be\/wp-content\/uploads\/2025\/05\/Winni_Storytelling_01-1024x968.jpg\" class=\"attachment-large size-large wp-post-image\" alt=\"\" \/><\/a><div style=\"padding-bottom:66.6667%\"><\/div><\/div><h4 class=\"w-post-elm post_title usg_post_title_1 has_text_color entry-title color_link_inherit\"><a href=\"https:\/\/winni.be\/fr\/blog\/le-storytelling-dans-le-marketing-comment-vendre-plus-avec-des-histoires-quavec-des-chiffres\/\">Le storytelling dans le marketing : comment vendre plus avec des histoires qu&rsquo;avec des chiffres<\/a><\/h4><div class=\"w-post-elm post_content usg_post_content_1 has_text_color\">Qu&rsquo;est-ce que le storytelling ? Le storytelling est l\u2019utilisation strat\u00e9gique d\u2019histoires pour toucher, convaincre et \u00e9mouvoir les gens. Pas des faits secs, mais de l\u2019\u00e9motion. Pas des listes isol\u00e9es, mais\u2026<\/div>\t\t<\/div>\r\n\t\t\t<\/article>\r\n\t<article class=\"w-grid-item us_animate_fade size_1x1 post-1052 blog type-blog status-publish has-post-thumbnail hentry blog-categorie-website-bouwen-fr blog-categorie-zoekmachine-optimalisatie-fr\" data-id=\"1052\" style=\"animation-delay:0.2s\">\r\n\t\t<div class=\"w-grid-item-h\">\r\n\t\t\t\t\t\t<div class=\"w-post-elm post_image usg_post_image_1 has_ratio\"><a href=\"https:\/\/winni.be\/fr\/blog\/un-bon-site-web-nest-pas-une-option-cest-la-base-de-votre-succes\/\" aria-label=\"Un bon site web n&rsquo;est pas une option. C\u2019est la base de votre succ\u00e8s.\"><img loading=\"lazy\" decoding=\"async\" width=\"1024\" height=\"699\" src=\"https:\/\/winni.be\/wp-content\/uploads\/2025\/03\/cc43f1a1a707665452c391f66781b426-1024x699.jpg\" class=\"attachment-large size-large wp-post-image\" alt=\"\" \/><\/a><div style=\"padding-bottom:66.6667%\"><\/div><\/div><h4 class=\"w-post-elm post_title usg_post_title_1 has_text_color entry-title color_link_inherit\"><a href=\"https:\/\/winni.be\/fr\/blog\/un-bon-site-web-nest-pas-une-option-cest-la-base-de-votre-succes\/\">Un bon site web n&rsquo;est pas une option. C\u2019est la base de votre succ\u00e8s.<\/a><\/h4><div class=\"w-post-elm post_content usg_post_content_1 has_text_color\">En 2025, votre site web est bien plus qu\u2019une vitrine num\u00e9rique. C\u2019est le centre de votre visibilit\u00e9 en ligne, de votre expertise et de votre relation client. Un lieu o\u00f9\u2026<\/div>\t\t<\/div>\r\n\t\t\t<\/article>\r\n\t<article class=\"w-grid-item us_animate_fade size_1x1 post-1438 blog type-blog status-publish has-post-thumbnail hentry blog-categorie-adverteren-op-zoekmachines-fr blog-categorie-social-media-fr\" data-id=\"1438\" style=\"animation-delay:0.3s\">\r\n\t\t<div class=\"w-grid-item-h\">\r\n\t\t\t\t\t\t<div class=\"w-post-elm post_image usg_post_image_1 has_ratio\"><a href=\"https:\/\/winni.be\/fr\/blog\/publicite-omnicanale-visible-sur-tous-les-canaux-qui-comptent\/\" aria-label=\"Publicit\u00e9 omnicanale : visible sur tous les canaux qui comptent\"><img loading=\"lazy\" decoding=\"async\" width=\"1024\" height=\"684\" src=\"https:\/\/winni.be\/wp-content\/uploads\/2025\/05\/Winni_OmnichannelAdvertising_01-1024x684.jpg\" class=\"attachment-large size-large wp-post-image\" alt=\"\" \/><\/a><div style=\"padding-bottom:66.6667%\"><\/div><\/div><h4 class=\"w-post-elm post_title usg_post_title_1 has_text_color entry-title color_link_inherit\"><a href=\"https:\/\/winni.be\/fr\/blog\/publicite-omnicanale-visible-sur-tous-les-canaux-qui-comptent\/\">Publicit\u00e9 omnicanale : visible sur tous les canaux qui comptent<\/a><\/h4><div class=\"w-post-elm post_content usg_post_content_1 has_text_color\">Qu&rsquo;est-ce que la publicit\u00e9 omnicanale ? La publicit\u00e9 omnicanale signifie : une publicit\u00e9 simultan\u00e9e sur plusieurs canaux de communication, reli\u00e9s entre eux de mani\u00e8re transparente. Pensez \u00e0 : Google Ads\u2026<\/div>\t\t<\/div>\r\n\t\t\t<\/article>\r\n\t<article class=\"w-grid-item us_animate_fade size_1x1 post-1054 blog type-blog status-publish has-post-thumbnail hentry blog-categorie-zoekmachine-optimalisatie-fr\" data-id=\"1054\" style=\"animation-delay:0.4s\">\r\n\t\t<div class=\"w-grid-item-h\">\r\n\t\t\t\t\t\t<div class=\"w-post-elm post_image usg_post_image_1 has_ratio\"><a href=\"https:\/\/winni.be\/fr\/blog\/pourquoi-le-seo-est-il-indispensable-pour-votre-succes-en-ligne\/\" aria-label=\"Pourquoi le SEO est-il indispensable pour votre succ\u00e8s en ligne\"><img loading=\"lazy\" decoding=\"async\" width=\"1024\" height=\"659\" src=\"https:\/\/winni.be\/wp-content\/uploads\/2025\/03\/Winni_SEO_01-1024x659.jpg\" class=\"attachment-large size-large wp-post-image\" alt=\"\" \/><\/a><div style=\"padding-bottom:66.6667%\"><\/div><\/div><h4 class=\"w-post-elm post_title usg_post_title_1 has_text_color entry-title color_link_inherit\"><a href=\"https:\/\/winni.be\/fr\/blog\/pourquoi-le-seo-est-il-indispensable-pour-votre-succes-en-ligne\/\">Pourquoi le SEO est-il indispensable pour votre succ\u00e8s en ligne<\/a><\/h4><div class=\"w-post-elm post_content usg_post_content_1 has_text_color\">Le SEO n\u2019est pas une option. C\u2019est une n\u00e9cessit\u00e9. Une strat\u00e9gie durable qui vous permet d\u2019attirer plus de visiteurs sur votre site, de renforcer votre statut d\u2019expert et de faire\u2026<\/div>\t\t<\/div>\r\n\t\t\t<\/article>\r\n\t<article class=\"w-grid-item us_animate_fade size_1x1 post-1053 blog type-blog status-publish has-post-thumbnail hentry blog-categorie-social-media-fr\" data-id=\"1053\" style=\"animation-delay:0.5s\">\r\n\t\t<div class=\"w-grid-item-h\">\r\n\t\t\t\t\t\t<div class=\"w-post-elm post_image usg_post_image_1 has_ratio\"><a href=\"https:\/\/winni.be\/fr\/blog\/vos-clients-sont-sur-les-reseaux-sociaux-touchez-les-avec-les-bonnes-publicites\/\" aria-label=\"Vos clients sont sur les r\u00e9seaux sociaux. Touchez-les avec les bonnes publicit\u00e9s.\"><img loading=\"lazy\" decoding=\"async\" width=\"1024\" height=\"908\" src=\"https:\/\/winni.be\/wp-content\/uploads\/2025\/03\/winni_advertenties_01-1024x908.jpg\" class=\"attachment-large size-large wp-post-image\" alt=\"\" \/><\/a><div style=\"padding-bottom:66.6667%\"><\/div><\/div><h4 class=\"w-post-elm post_title usg_post_title_1 has_text_color entry-title color_link_inherit\"><a href=\"https:\/\/winni.be\/fr\/blog\/vos-clients-sont-sur-les-reseaux-sociaux-touchez-les-avec-les-bonnes-publicites\/\">Vos clients sont sur les r\u00e9seaux sociaux. Touchez-les avec les bonnes publicit\u00e9s.<\/a><\/h4><div class=\"w-post-elm post_content usg_post_content_1 has_text_color\">De Facebook \u00e0 Instagram, en passant par Messenger et WhatsApp, votre public cible y est actif. Tout en faisant d\u00e9filer, en likant, en commentant et en partageant. C&rsquo;est l\u00e0 que\u2026<\/div>\t\t<\/div>\r\n\t\t\t<\/article>\r\n<\/div><div class=\"g-loadmore hidden\"><div class=\"g-preloader type_1\"><div><\/div><\/div><\/div><div class=\"w-grid-list-json hidden\" onclick='return {&quot;max_num_pages&quot;:0,&quot;pagination&quot;:&quot;none&quot;,&quot;paged&quot;:1,&quot;ajaxData&quot;:{&quot;action&quot;:&quot;us_ajax_post_list&quot;,&quot;meta_type&quot;:&quot;post&quot;,&quot;object_id&quot;:0,&quot;template_vars&quot;:{&quot;paged&quot;:1,&quot;max_num_pages&quot;:0,&quot;no_results&quot;:false,&quot;source&quot;:&quot;all&quot;,&quot;custom_field_name&quot;:&quot;&quot;,&quot;ids&quot;:&quot;&quot;,&quot;post_type&quot;:&quot;blog&quot;,&quot;attachment_ids&quot;:null,&quot;include_post_thumbnail&quot;:0,&quot;post_author&quot;:&quot;any&quot;,&quot;post_author_ids&quot;:&quot;&quot;,&quot;apply_url_params&quot;:0,&quot;exclude_children&quot;:0,&quot;exclude_current_post&quot;:1,&quot;exclude_prev_posts&quot;:0,&quot;enable_items_offset&quot;:0,&quot;items_offset&quot;:&quot;1&quot;,&quot;tax_query_relation&quot;:&quot;none&quot;,&quot;tax_query&quot;:[{&quot;operator&quot;:&quot;IN&quot;,&quot;taxonomy&quot;:&quot;category&quot;,&quot;terms&quot;:&quot;&quot;,&quot;include_children&quot;:0}],&quot;meta_query_relation&quot;:&quot;none&quot;,&quot;meta_query&quot;:[{&quot;key&quot;:&quot;custom_field_name&quot;,&quot;compare&quot;:&quot;=&quot;,&quot;value&quot;:&quot;&quot;}],&quot;orderby&quot;:&quot;date&quot;,&quot;orderby_custom_field&quot;:&quot;&quot;,&quot;orderby_custom_type&quot;:0,&quot;order_invert&quot;:&quot;1&quot;,&quot;show_all&quot;:&quot;1&quot;,&quot;quantity&quot;:&quot;12&quot;,&quot;no_items_action&quot;:&quot;message&quot;,&quot;no_items_message&quot;:&quot;Aucun r\\u00e9sultat.&quot;,&quot;no_items_page_block&quot;:&quot;&quot;,&quot;pagination&quot;:&quot;none&quot;,&quot;pagination_style&quot;:&quot;&quot;,&quot;pagination_btn_text&quot;:&quot;Charger plus&quot;,&quot;pagination_btn_size&quot;:&quot;&quot;,&quot;pagination_btn_style&quot;:&quot;1&quot;,&quot;pagination_btn_fullwidth&quot;:0,&quot;items_layout&quot;:&quot;233&quot;,&quot;type&quot;:&quot;grid&quot;,&quot;items_valign&quot;:0,&quot;ignore_items_size&quot;:0,&quot;columns&quot;:&quot;3&quot;,&quot;items_gap&quot;:&quot;3rem&quot;,&quot;load_animation&quot;:&quot;fade&quot;,&quot;items_preload_style&quot;:&quot;spinner&quot;,&quot;img_size&quot;:&quot;default&quot;,&quot;title_size&quot;:&quot;&quot;,&quot;items_ratio&quot;:&quot;default&quot;,&quot;items_ratio_width&quot;:&quot;21&quot;,&quot;items_ratio_height&quot;:&quot;9&quot;,&quot;overriding_link&quot;:&quot;%7B%22url%22%3A%22%22%7D&quot;,&quot;popup_width&quot;:&quot;&quot;,&quot;popup_arrows&quot;:1,&quot;breakpoint_1_width&quot;:&quot;1381px&quot;,&quot;breakpoint_1_cols&quot;:&quot;default&quot;,&quot;breakpoint_1_quantity&quot;:&quot;&quot;,&quot;breakpoint_1_gap&quot;:&quot;&quot;,&quot;breakpoint_2_width&quot;:&quot;1025px&quot;,&quot;breakpoint_2_cols&quot;:&quot;2&quot;,&quot;breakpoint_2_quantity&quot;:&quot;&quot;,&quot;breakpoint_2_gap&quot;:&quot;&quot;,&quot;breakpoint_3_width&quot;:&quot;768px&quot;,&quot;breakpoint_3_cols&quot;:&quot;1&quot;,&quot;breakpoint_3_quantity&quot;:&quot;&quot;,&quot;breakpoint_3_gap&quot;:&quot;&quot;,&quot;conditions_operator&quot;:&quot;always&quot;,&quot;conditions&quot;:[],&quot;css&quot;:null,&quot;el_class&quot;:&quot;&quot;,&quot;el_id&quot;:&quot;&quot;,&quot;enable_custom_html_atts&quot;:0,&quot;custom_html_atts&quot;:null,&quot;hide_on_states&quot;:&quot;&quot;,&quot;hide_for_sticky&quot;:0,&quot;hide_for_not_sticky&quot;:0,&quot;hide_below&quot;:&quot;0px&quot;,&quot;hide_above&quot;:&quot;0px&quot;,&quot;classes&quot;:&quot;&quot;}},&quot;facetedFilter&quot;:[]}'><\/div><\/div><div class=\"w-separator size_medium\"><\/div><\/div><\/div><\/div><\/div><\/div><\/section>\n","protected":false},"excerpt":{"rendered":"De Facebook \u00e0 Instagram, en passant par Messenger et WhatsApp, votre public cible y est actif. Tout en faisant d\u00e9filer, en likant, en commentant et en partageant. C&rsquo;est l\u00e0 que se trouve votre opportunit\u00e9. Les publicit\u00e9s intelligentes sur les plateformes Meta vous placent exactement l\u00e0 o\u00f9 se trouvent vos clients et les atteignent au bon...","protected":false},"author":1,"featured_media":0,"parent":0,"menu_order":9,"comment_status":"closed","ping_status":"closed","template":"","meta":{"_acf_changed":false,"footnotes":""},"class_list":["post-1009","page","type-page","status-publish","hentry"],"acf":[],"_links":{"self":[{"href":"https:\/\/winni.be\/fr\/wp-json\/wp\/v2\/pages\/1009","targetHints":{"allow":["GET"]}}],"collection":[{"href":"https:\/\/winni.be\/fr\/wp-json\/wp\/v2\/pages"}],"about":[{"href":"https:\/\/winni.be\/fr\/wp-json\/wp\/v2\/types\/page"}],"author":[{"embeddable":true,"href":"https:\/\/winni.be\/fr\/wp-json\/wp\/v2\/users\/1"}],"replies":[{"embeddable":true,"href":"https:\/\/winni.be\/fr\/wp-json\/wp\/v2\/comments?post=1009"}],"version-history":[{"count":1,"href":"https:\/\/winni.be\/fr\/wp-json\/wp\/v2\/pages\/1009\/revisions"}],"predecessor-version":[{"id":1022,"href":"https:\/\/winni.be\/fr\/wp-json\/wp\/v2\/pages\/1009\/revisions\/1022"}],"wp:attachment":[{"href":"https:\/\/winni.be\/fr\/wp-json\/wp\/v2\/media?parent=1009"}],"curies":[{"name":"wp","href":"https:\/\/api.w.org\/{rel}","templated":true}]}}