{"id":1001,"date":"2025-03-31T10:40:34","date_gmt":"2025-03-31T08:40:34","guid":{"rendered":"https:\/\/winni.be\/klantenverhalen\/"},"modified":"2025-04-11T07:31:34","modified_gmt":"2025-04-11T05:31:34","slug":"temoignages","status":"publish","type":"page","link":"https:\/\/winni.be\/fr\/temoignages\/","title":{"rendered":"T\u00e9moignages de clients"},"content":{"rendered":"<section class=\"l-section wpb_row height_large\"><div class=\"l-section-h i-cf\"><div class=\"g-cols vc_row via_flex valign_top type_default stacking_default\"><div class=\"vc_col-sm-12 wpb_column vc_column_container\"><div class=\"vc_column-inner\"><div class=\"wpb_wrapper\"><div class=\"w-separator size_large\"><\/div><div class=\"wpb_text_column us_custom_050624d7 has_text_color\"><div class=\"wpb_wrapper\"><h2 style=\"text-align: center;\"><span>Time to spill the tea! Et d\u00e9couvrez toutes les histoires de nos clients<\/span><\/h2>\n<\/div><\/div><div class=\"w-separator size_medium\"><\/div><div class=\"w-grid us_post_list type_grid layout_220 cols_2 preload_style_spinner with_css_animation\" id=\"us_post_list_aeb1\" style=\"--columns:2;--gap:1.5rem;\" data-filterable=\"true\"><style>@media (max-width:767px){#us_post_list_aeb1{--columns:1!important}}.layout_220 .w-grid-item-h{background:var(--color-donker-paars-custom)}.layout_220 .usg_hwrapper_1{height:100%!important}.layout_220 .usg_vwrapper_1{padding:40px!important;background:var(--color-donker-paars-custom)!important}.layout_220 .usg_post_title_1{color:var(--color-header-middle-bg)!important;margin-top:200px!important}.layout_220 .usg_post_image_1{max-width:450px!important}.layout_220 .usg_post_custom_field_1{color:var(--color-licht-paars-custom)!important;font-weight:700!important}.layout_220 .usg_post_custom_field_2{color:var(--color-licht-paars-custom)!important;font-weight:700!important}.layout_220 .usg_post_custom_field_3{color:var(--color-licht-paars-custom)!important;font-weight:700!important}.layout_220 .usg_post_custom_field_4{color:var(--color-licht-paars-custom)!important;margin-top:10px!important}@media (min-width:1025px) and (max-width:1380px){.layout_220 .usg_vwrapper_1{padding:40px!important}.layout_220 .usg_post_title_1{margin-top:200px!important}.layout_220 .usg_post_image_1{max-width:450px!important}}@media (min-width:768px) and (max-width:1024px){.layout_220 .usg_vwrapper_1{padding:40px!important}.layout_220 .usg_post_title_1{margin-top:200px!important}.layout_220 .usg_post_image_1{max-width:450px!important}}@media (max-width:767px){.layout_220 .usg_vwrapper_1{padding:20px!important}.layout_220 .usg_post_title_1{margin-top:50px!important}.layout_220 .usg_post_image_1{max-width:100%!important}}<\/style><div class=\"w-grid-list\">\t<article class=\"w-grid-item us_animate_fade size_1x1 post-1216 testimonial type-testimonial status-publish has-post-thumbnail hentry testimonial-categorie-gestion-des-avis testimonial-categorie-nouveau-site-web\" data-id=\"1216\" style=\"animation-delay:0s\">\r\n\t\t<div class=\"w-grid-item-h\">\r\n\t\t\t\t\t\t<div class=\"w-hwrapper usg_hwrapper_1 align_justify valign_stretch stack_on_mobiles\" style=\"--hwrapper-gap:0rem\"><div class=\"w-vwrapper usg_vwrapper_1 align_none valign_top\"><div class=\"w-post-elm post_taxonomy usg_post_taxonomy_1 style_simple\"><span class=\"term-40 term-gestion-des-avis\">Gestion des avis<\/span><b><\/b><span class=\"term-39 term-nouveau-site-web\">Nouveau site Web<\/span><\/div><h3 class=\"w-post-elm post_title usg_post_title_1 has_text_color entry-title color_link_inherit\">Beautycenter Skin Care<\/h3><div class=\"w-post-elm post_custom_field usg_post_custom_field_1 has_text_color type_text usp_1 color_link_inherit\"><span class=\"w-post-elm-value\">01 \/ Plus de 544 formulaires au cours de l'ann\u00e9e \u00e9coul\u00e9e<\/span><\/div><div class=\"w-post-elm post_custom_field usg_post_custom_field_2 has_text_color type_text usp_2 color_link_inherit\"><span class=\"w-post-elm-value\">02 \/ Le site web est toujours \u00e0 jour<\/span><\/div><div class=\"w-post-elm post_custom_field usg_post_custom_field_3 has_text_color type_text usp_3 color_link_inherit\"><span class=\"w-post-elm-value\">03 \/ Les avis sont facilement suivis<\/span><\/div><div class=\"w-post-elm post_custom_field usg_post_custom_field_4 has_text_color type_text review color_link_inherit\"><span class=\"w-post-elm-value\">Apr\u00e8s avoir d\u00e9m\u00e9nag\u00e9 dans ses nouveaux locaux en 2023, le site web de Nathalie avait \u00e9galement besoin d'\u00eatre mis \u00e0 jour. Winni a cr\u00e9\u00e9 un site moderne et clair, avec plusieurs pages, qui a imm\u00e9diatement suscit\u00e9 des r\u00e9actions positives. Gr\u00e2ce \u00e0 des mises \u00e0 jour rapides, son site reste d'actualit\u00e9 et sa client\u00e8le ne cesse de cro\u00eetre. Une cliente satisfaite !<\/span><\/div><\/div><div class=\"w-post-elm post_image usg_post_image_1 has_ratio\"><img loading=\"lazy\" decoding=\"async\" width=\"290\" height=\"290\" src=\"https:\/\/winni.be\/wp-content\/uploads\/2025\/03\/1.-Nathalie-de-rudder-schoonheidsspecialiste.avif\" class=\"attachment-large size-large wp-post-image\" alt=\"\" \/><div style=\"padding-bottom:77.5862%\"><\/div><\/div><\/div>\t\t<\/div>\r\n\t\t\t<\/article>\r\n\t<article class=\"w-grid-item us_animate_fade size_1x1 post-1212 testimonial type-testimonial status-publish has-post-thumbnail hentry testimonial-categorie-pagesdor-be\" data-id=\"1212\" style=\"animation-delay:0.1s\">\r\n\t\t<div class=\"w-grid-item-h\">\r\n\t\t\t\t\t\t<div class=\"w-hwrapper usg_hwrapper_1 align_justify valign_stretch stack_on_mobiles\" style=\"--hwrapper-gap:0rem\"><div class=\"w-vwrapper usg_vwrapper_1 align_none valign_top\"><div class=\"w-post-elm post_taxonomy usg_post_taxonomy_1 style_simple\"><span class=\"term-42 term-pagesdor-be\">Pagesdor.be<\/span><\/div><h3 class=\"w-post-elm post_title usg_post_title_1 has_text_color entry-title color_link_inherit\">Sani Joris<\/h3><div class=\"w-post-elm post_custom_field usg_post_custom_field_1 has_text_color type_text usp_1 color_link_inherit\"><span class=\"w-post-elm-value\">01 \/ Succ\u00e8s sur Pagesdor.be<\/span><\/div><div class=\"w-post-elm post_custom_field usg_post_custom_field_2 has_text_color type_text usp_2 color_link_inherit\"><span class=\"w-post-elm-value\">02 \/ Jusqu'\u00e0 4 500 vues<\/span><\/div><div class=\"w-post-elm post_custom_field usg_post_custom_field_3 has_text_color type_text usp_3 color_link_inherit\"><span class=\"w-post-elm-value\">03 \/ Plus de 85 conversions qualitatives<\/span><\/div><div class=\"w-post-elm post_custom_field usg_post_custom_field_4 has_text_color type_text review color_link_inherit\"><span class=\"w-post-elm-value\">Un client satisfait de pagesdor.be, qui a mis en place un vaste programme de publicit\u00e9, obtient d'excellents r\u00e9sultats. Son annonce a \u00e9t\u00e9 vue 4 500 fois, ce qui a entra\u00een\u00e9 85 conversions qualitatives telles que des visites de sites web, des courriels et des appels t\u00e9l\u00e9phoniques. Un investissement r\u00e9ussi qui leur apporte visiblement plus de clients !<\/span><\/div><\/div><div class=\"w-post-elm post_image usg_post_image_1 has_ratio\"><img loading=\"lazy\" decoding=\"async\" width=\"559\" height=\"1024\" src=\"https:\/\/winni.be\/wp-content\/uploads\/2025\/03\/sanijoris-559x1024.jpg\" class=\"attachment-large size-large wp-post-image\" alt=\"\" \/><div style=\"padding-bottom:77.5862%\"><\/div><\/div><\/div>\t\t<\/div>\r\n\t\t\t<\/article>\r\n\t<article class=\"w-grid-item us_animate_fade size_1x1 post-1211 testimonial type-testimonial status-publish has-post-thumbnail hentry testimonial-categorie-gestion-des-avis testimonial-categorie-nouveau-site-web testimonial-categorie-reseaux-sociaux\" data-id=\"1211\" style=\"animation-delay:0.2s\">\r\n\t\t<div class=\"w-grid-item-h\">\r\n\t\t\t\t\t\t<div class=\"w-hwrapper usg_hwrapper_1 align_justify valign_stretch stack_on_mobiles\" style=\"--hwrapper-gap:0rem\"><div class=\"w-vwrapper usg_vwrapper_1 align_none valign_top\"><div class=\"w-post-elm post_taxonomy usg_post_taxonomy_1 style_simple\"><span class=\"term-40 term-gestion-des-avis\">Gestion des avis<\/span><b><\/b><span class=\"term-39 term-nouveau-site-web\">Nouveau site Web<\/span><b><\/b><span class=\"term-41 term-reseaux-sociaux\">R\u00e9seaux sociaux<\/span><\/div><h3 class=\"w-post-elm post_title usg_post_title_1 has_text_color entry-title color_link_inherit\">L-interior projects<\/h3><div class=\"w-post-elm post_custom_field usg_post_custom_field_1 has_text_color type_text usp_1 color_link_inherit\"><span class=\"w-post-elm-value\">01 \/ Beau site web avec de nombreuses r\u00e9alisations<\/span><\/div><div class=\"w-post-elm post_custom_field usg_post_custom_field_2 has_text_color type_text usp_2 color_link_inherit\"><span class=\"w-post-elm-value\">02 \/ Une solide r\u00e9putation en ligne gr\u00e2ce \u00e0 la gestion des avis<\/span><\/div><div class=\"w-post-elm post_custom_field usg_post_custom_field_3 has_text_color type_text usp_3 color_link_inherit\"><span class=\"w-post-elm-value\">03 \/ Conseils sur les m\u00e9dias sociaux<\/span><\/div><div class=\"w-post-elm post_custom_field usg_post_custom_field_4 has_text_color type_text review color_link_inherit\"><span class=\"w-post-elm-value\">Un client satisfait de la gestion de son site web et de ses commentaires a \u00e9galement choisi le soutien de Winni en mati\u00e8re de m\u00e9dias sociaux. Actuellement, ils ne sont pas encore actifs sur les m\u00e9dias sociaux, mais avec leur d\u00e9m\u00e9nagement \u00e0 Londerzeel dans six mois, nous construisons d\u00e9j\u00e0 leur pr\u00e9sence en ligne pour une campagne r\u00e9ussie !<\/span><\/div><\/div><div class=\"w-post-elm post_image usg_post_image_1 has_ratio\"><img loading=\"lazy\" decoding=\"async\" width=\"768\" height=\"1024\" src=\"https:\/\/winni.be\/wp-content\/uploads\/2025\/03\/2.-L-interior-projects-renovatiewerken-768x1024.webp\" class=\"attachment-large size-large wp-post-image\" alt=\"\" \/><div style=\"padding-bottom:77.5862%\"><\/div><\/div><\/div>\t\t<\/div>\r\n\t\t\t<\/article>\r\n\t<article class=\"w-grid-item us_animate_fade size_1x1 post-1213 testimonial type-testimonial status-publish has-post-thumbnail hentry testimonial-categorie-gestion-des-avis testimonial-categorie-nouveau-site-web testimonial-categorie-pagesdor-be testimonial-categorie-publicite-sea\" data-id=\"1213\" style=\"animation-delay:0.3s\">\r\n\t\t<div class=\"w-grid-item-h\">\r\n\t\t\t\t\t\t<div class=\"w-hwrapper usg_hwrapper_1 align_justify valign_stretch stack_on_mobiles\" style=\"--hwrapper-gap:0rem\"><div class=\"w-vwrapper usg_vwrapper_1 align_none valign_top\"><div class=\"w-post-elm post_taxonomy usg_post_taxonomy_1 style_simple\"><span class=\"term-40 term-gestion-des-avis\">Gestion des avis<\/span><b><\/b><span class=\"term-39 term-nouveau-site-web\">Nouveau site Web<\/span><b><\/b><span class=\"term-42 term-pagesdor-be\">Pagesdor.be<\/span><b><\/b><span class=\"term-43 term-publicite-sea\">Publicit\u00e9 SEA<\/span><\/div><h3 class=\"w-post-elm post_title usg_post_title_1 has_text_color entry-title color_link_inherit\">Technitank<\/h3><div class=\"w-post-elm post_custom_field usg_post_custom_field_1 has_text_color type_text usp_1 color_link_inherit\"><span class=\"w-post-elm-value\">01 \/ Plus de prospects gr\u00e2ce \u00e0 un site web renouvel\u00e9<\/span><\/div><div class=\"w-post-elm post_custom_field usg_post_custom_field_2 has_text_color type_text usp_2 color_link_inherit\"><span class=\"w-post-elm-value\">02 \/ Publicit\u00e9 sur des canaux qui se soutiennent mutuellement<\/span><\/div><div class=\"w-post-elm post_custom_field usg_post_custom_field_3 has_text_color type_text usp_3 color_link_inherit\"><span class=\"w-post-elm-value\">03 \/ Une approche flexible au fil des ann\u00e9es<\/span><\/div><div class=\"w-post-elm post_custom_field usg_post_custom_field_4 has_text_color type_text review color_link_inherit\"><span class=\"w-post-elm-value\">Il y a deux ans, le client s'est retrouv\u00e9 en r\u00e9\u00e9ducation lourde \u00e0 la suite d'un accident, ce qui a entra\u00een\u00e9 l'arr\u00eat de son activit\u00e9. Aujourd'hui, l'entreprise fonctionne mieux que jamais, avec sa femme \u00e0 bord et du travail en abondance. Winni les a soutenus de mani\u00e8re flexible dans ce processus - un client super-satisfait !<\/span><\/div><\/div><div class=\"w-post-elm post_image usg_post_image_1 has_ratio\"><img loading=\"lazy\" decoding=\"async\" width=\"1024\" height=\"1022\" src=\"https:\/\/winni.be\/wp-content\/uploads\/2025\/03\/Tankkeuring_-1024x1022.webp\" class=\"attachment-large size-large wp-post-image\" alt=\"\" \/><div style=\"padding-bottom:77.5862%\"><\/div><\/div><\/div>\t\t<\/div>\r\n\t\t\t<\/article>\r\n<\/div><div class=\"g-loadmore hidden\"><div class=\"g-preloader type_1\"><div><\/div><\/div><\/div><div class=\"w-grid-list-json hidden\" onclick='return {&quot;max_num_pages&quot;:0,&quot;pagination&quot;:&quot;none&quot;,&quot;paged&quot;:1,&quot;ajaxData&quot;:{&quot;action&quot;:&quot;us_ajax_post_list&quot;,&quot;meta_type&quot;:&quot;post&quot;,&quot;object_id&quot;:0,&quot;template_vars&quot;:{&quot;paged&quot;:1,&quot;max_num_pages&quot;:0,&quot;no_results&quot;:false,&quot;source&quot;:&quot;all&quot;,&quot;custom_field_name&quot;:&quot;&quot;,&quot;ids&quot;:&quot;&quot;,&quot;post_type&quot;:&quot;testimonial&quot;,&quot;attachment_ids&quot;:null,&quot;include_post_thumbnail&quot;:0,&quot;post_author&quot;:&quot;any&quot;,&quot;post_author_ids&quot;:&quot;&quot;,&quot;apply_url_params&quot;:0,&quot;exclude_children&quot;:0,&quot;exclude_current_post&quot;:1,&quot;exclude_prev_posts&quot;:0,&quot;enable_items_offset&quot;:0,&quot;items_offset&quot;:&quot;1&quot;,&quot;tax_query_relation&quot;:&quot;none&quot;,&quot;tax_query&quot;:[{&quot;operator&quot;:&quot;IN&quot;,&quot;taxonomy&quot;:&quot;category&quot;,&quot;terms&quot;:&quot;&quot;,&quot;include_children&quot;:0}],&quot;meta_query_relation&quot;:&quot;none&quot;,&quot;meta_query&quot;:[{&quot;key&quot;:&quot;custom_field_name&quot;,&quot;compare&quot;:&quot;=&quot;,&quot;value&quot;:&quot;&quot;}],&quot;orderby&quot;:&quot;date&quot;,&quot;orderby_custom_field&quot;:&quot;&quot;,&quot;orderby_custom_type&quot;:0,&quot;order_invert&quot;:&quot;1&quot;,&quot;show_all&quot;:&quot;1&quot;,&quot;quantity&quot;:&quot;12&quot;,&quot;no_items_action&quot;:&quot;message&quot;,&quot;no_items_message&quot;:&quot;Aucun r\\u00e9sultat.&quot;,&quot;no_items_page_block&quot;:&quot;&quot;,&quot;pagination&quot;:&quot;none&quot;,&quot;pagination_style&quot;:&quot;&quot;,&quot;pagination_btn_text&quot;:&quot;Charger plus&quot;,&quot;pagination_btn_size&quot;:&quot;&quot;,&quot;pagination_btn_style&quot;:&quot;1&quot;,&quot;pagination_btn_fullwidth&quot;:0,&quot;items_layout&quot;:&quot;220&quot;,&quot;type&quot;:&quot;grid&quot;,&quot;items_valign&quot;:0,&quot;ignore_items_size&quot;:0,&quot;columns&quot;:&quot;2&quot;,&quot;items_gap&quot;:&quot;1.5rem&quot;,&quot;load_animation&quot;:&quot;fade&quot;,&quot;items_preload_style&quot;:&quot;spinner&quot;,&quot;img_size&quot;:&quot;default&quot;,&quot;title_size&quot;:&quot;&quot;,&quot;items_ratio&quot;:&quot;default&quot;,&quot;items_ratio_width&quot;:&quot;21&quot;,&quot;items_ratio_height&quot;:&quot;9&quot;,&quot;overriding_link&quot;:&quot;%7B%22url%22%3A%22%22%7D&quot;,&quot;popup_width&quot;:&quot;&quot;,&quot;popup_arrows&quot;:1,&quot;breakpoint_1_width&quot;:&quot;1381px&quot;,&quot;breakpoint_1_cols&quot;:&quot;default&quot;,&quot;breakpoint_1_quantity&quot;:&quot;&quot;,&quot;breakpoint_1_gap&quot;:&quot;&quot;,&quot;breakpoint_2_width&quot;:&quot;1025px&quot;,&quot;breakpoint_2_cols&quot;:&quot;2&quot;,&quot;breakpoint_2_quantity&quot;:&quot;&quot;,&quot;breakpoint_2_gap&quot;:&quot;&quot;,&quot;breakpoint_3_width&quot;:&quot;768px&quot;,&quot;breakpoint_3_cols&quot;:&quot;1&quot;,&quot;breakpoint_3_quantity&quot;:&quot;&quot;,&quot;breakpoint_3_gap&quot;:&quot;&quot;,&quot;conditions_operator&quot;:&quot;always&quot;,&quot;conditions&quot;:[],&quot;css&quot;:null,&quot;el_class&quot;:&quot;&quot;,&quot;el_id&quot;:&quot;&quot;,&quot;enable_custom_html_atts&quot;:0,&quot;custom_html_atts&quot;:null,&quot;hide_on_states&quot;:&quot;&quot;,&quot;hide_for_sticky&quot;:0,&quot;hide_for_not_sticky&quot;:0,&quot;hide_below&quot;:&quot;0px&quot;,&quot;hide_above&quot;:&quot;0px&quot;,&quot;classes&quot;:&quot;&quot;}},&quot;facetedFilter&quot;:[]}'><\/div><\/div><div class=\"w-separator size_medium\"><\/div><\/div><\/div><\/div><\/div><\/div><\/section>\n","protected":false},"excerpt":{"rendered":"","protected":false},"author":1,"featured_media":0,"parent":0,"menu_order":0,"comment_status":"closed","ping_status":"closed","template":"","meta":{"_acf_changed":false,"footnotes":""},"class_list":["post-1001","page","type-page","status-publish","hentry"],"acf":[],"_links":{"self":[{"href":"https:\/\/winni.be\/fr\/wp-json\/wp\/v2\/pages\/1001","targetHints":{"allow":["GET"]}}],"collection":[{"href":"https:\/\/winni.be\/fr\/wp-json\/wp\/v2\/pages"}],"about":[{"href":"https:\/\/winni.be\/fr\/wp-json\/wp\/v2\/types\/page"}],"author":[{"embeddable":true,"href":"https:\/\/winni.be\/fr\/wp-json\/wp\/v2\/users\/1"}],"replies":[{"embeddable":true,"href":"https:\/\/winni.be\/fr\/wp-json\/wp\/v2\/comments?post=1001"}],"version-history":[{"count":3,"href":"https:\/\/winni.be\/fr\/wp-json\/wp\/v2\/pages\/1001\/revisions"}],"predecessor-version":[{"id":1244,"href":"https:\/\/winni.be\/fr\/wp-json\/wp\/v2\/pages\/1001\/revisions\/1244"}],"wp:attachment":[{"href":"https:\/\/winni.be\/fr\/wp-json\/wp\/v2\/media?parent=1001"}],"curies":[{"name":"wp","href":"https:\/\/api.w.org\/{rel}","templated":true}]}}